{"id":3135,"date":"2023-07-24T19:04:34","date_gmt":"2023-07-24T17:04:34","guid":{"rendered":"https:\/\/www.viajeroscanallas.es\/?page_id=3135"},"modified":"2024-06-12T19:31:50","modified_gmt":"2024-06-12T17:31:50","slug":"the-weather-in-santiago-de-compostela","status":"publish","type":"page","link":"https:\/\/www.viajeroscanallas.es\/en\/el-tiempo-en-santiago-de-compostela\/","title":{"rendered":"The Weather in Santiago de Compostela"},"content":{"rendered":"<div class=\"wpb-content-wrapper\"><div class=\"vc_row wpb_row vc_row-fluid vc_custom_1691144091754\"><div class=\"wpb_column vc_column_container vc_col-sm-8\"><div class=\"vc_column-inner\"><div class=\"wpb_wrapper\">\n\t<div class=\"wpb_text_column wpb_content_element \" >\n\t\t<div class=\"wpb_wrapper\">\n\t\t\t<h2 class=\"tituloh2\">Todo lo que necesitas saber sobre el Tiempo en Santiago de Compostela<\/h2>\n<p><strong>\u00a1Hola, viajero!<\/strong> Si est\u00e1s planeando hacer el Camino de Santiago, sabr\u00e1s que el clima puede ser un factor clave en tu viaje. Pero no te preocupes, en este art\u00edculo encontrar\u00e1s toda la informaci\u00f3n que necesitas sobre el tiempo en Santiago de Compostela.<\/p>\n<h3>Descripci\u00f3n General del Clima<\/h3>\n<p>Santiago de Compostela, la joya de Galicia, tiene un clima oce\u00e1nico h\u00famedo. Se caracteriza por veranos suaves e inviernos frescos y h\u00famedos.<strong> \u00bfPero qu\u00e9 significa esto para los peregrinos como t\u00fa?<\/strong> Bueno, sigamos leyendo.<\/p>\n<h3>Datos Clave del Clima<\/h3>\n<p>La temperatura promedio anual ronda los 14\u00b0C, con m\u00e1ximas de 25\u00b0C en verano y m\u00ednimas de 5\u00b0C en invierno. La precipitaci\u00f3n anual es de alrededor de 1500mm, concentr\u00e1ndose en los meses de oto\u00f1o e invierno. \u00a1As\u00ed que no olvides tu chubasquero!<\/p>\n<h3>Condiciones Actuales<\/h3>\n<p>Si est\u00e1s a punto de comenzar tu aventura, es importante conocer el tiempo hoy en el Camino de Santiago. Te informaremos de la temperatura actual, la humedad y la velocidad del viento, entre otros datos relevantes.<\/p>\n\n\t\t<\/div>\n\t<\/div>\n<\/div><\/div><\/div><div class=\"wpb_column vc_column_container vc_col-sm-4\"><div class=\"vc_column-inner\"><div class=\"wpb_wrapper\">\n\t<div  class=\"wpb_single_image wpb_content_element vc_align_left\">\n\t\t\n\t\t<figure class=\"wpb_wrapper vc_figure\">\n\t\t\t<div class=\"vc_single_image-wrapper   vc_box_border_grey\"><img decoding=\"async\" class=\"vc_single_image-img \" src=\"https:\/\/www.viajeroscanallas.es\/wp-content\/uploads\/2023\/07\/el-tiempo-en-santiago-de-compostela.jpg\" width=\"400\" height=\"648\" alt=\"El Tiempo en Santiago de Compostela\" title=\"el-tiempo-en-santiago-de-compostela\" loading=\"lazy\"  data-dt-location=\"https:\/\/www.viajeroscanallas.es\/en\/el-tiempo-en-santiago-de-compostela\/el-tiempo-en-santiago-de-compostela-2\/\" \/><\/div>\n\t\t<\/figure>\n\t<\/div>\n<\/div><\/div><\/div><\/div><div class=\"vc_row wpb_row vc_row-fluid vc_custom_1690289517743\"><div class=\"wpb_column vc_column_container vc_col-sm-12\"><div class=\"vc_column-inner\"><div class=\"wpb_wrapper\">\n\t<div class=\"wpb_text_column wpb_content_element \" >\n\t\t<div class=\"wpb_wrapper\">\n\t\t\t<h2>Pron\u00f3stico del Tiempo<\/h2>\n<p>\u00bfY qu\u00e9 sucede en los pr\u00f3ximos d\u00edas? Te ofrecemos un pron\u00f3stico del tiempo para que puedas planificar tu viaje en funci\u00f3n de las condiciones esperadas. Recuerda, el clima en el Camino de Santiago puede variar, as\u00ed que es bueno estar preparado.<\/p>\n\n\t\t<\/div>\n\t<\/div>\n<\/div><\/div><\/div><\/div><div class=\"vc_row wpb_row vc_row-fluid vc_custom_1691144128664\"><div class=\"wpb_column vc_column_container vc_col-sm-4\"><div class=\"vc_column-inner\"><div class=\"wpb_wrapper\">\n\t<div  class=\"wpb_single_image wpb_content_element vc_align_center  vc_custom_1690289782410\">\n\t\t\n\t\t<figure class=\"wpb_wrapper vc_figure\">\n\t\t\t<div class=\"vc_single_image-wrapper   vc_box_border_grey\"><img loading=\"lazy\" decoding=\"async\" width=\"618\" height=\"394\" src=\"https:\/\/www.viajeroscanallas.es\/wp-content\/uploads\/2023\/07\/mapa-frances.jpg\" class=\"vc_single_image-img attachment-large\" alt=\"El Tiempo en Santiago de Compostela\" title=\"El Tiempo en Santiago de Compostela\" srcset=\"https:\/\/www.viajeroscanallas.es\/wp-content\/uploads\/2023\/07\/mapa-frances.jpg 618w, https:\/\/www.viajeroscanallas.es\/wp-content\/uploads\/2023\/07\/mapa-frances-300x191.jpg 300w, https:\/\/www.viajeroscanallas.es\/wp-content\/uploads\/2023\/07\/mapa-frances-18x12.jpg 18w\" sizes=\"auto, (max-width: 618px) 100vw, 618px\"  data-dt-location=\"https:\/\/www.viajeroscanallas.es\/en\/el-tiempo-en-santiago-de-compostela\/mapa-frances\/\" \/><\/div>\n\t\t<\/figure>\n\t<\/div>\n\n\t<div class=\"wpb_text_column wpb_content_element \" >\n\t\t<div class=\"wpb_wrapper\">\n\t\t\t<h3>Camino de Santiago Franc\u00e9s<\/h3>\n<p><a href=\"https:\/\/www.windy.com\/42.317\/-7.415\/42.391?42.317,-7.415,12\" target=\"_blank\" rel=\"noopener\">El tiempo en Sarria<\/a><br \/>\n<a href=\"https:\/\/www.windy.com\/42.808\/-7.616\/42.391?42.808,-7.616,12\" target=\"_blank\" rel=\"noopener\">El tiempo en Puertomar\u00edn<\/a><br \/>\n<a href=\"https:\/\/www.windy.com\/42.845\/-7.870\/42.391?42.845,-7.870,12\" target=\"_blank\" rel=\"noopener\">El tiempo en Palas de Rei<\/a><br \/>\n<a href=\"https:\/\/www.windy.com\/42.938\/-8.155?42.938,-8.155,14\" target=\"_blank\" rel=\"noopener\">El tiempo en Ribadixo De Baixo<\/a><br \/>\n<a href=\"https:\/\/www.windy.com\/42.384\/-8.626?42.384,-8.626,14\" target=\"_blank\" rel=\"noopener\">El tiempo en Pedrouzo<\/a><br \/>\n<a href=\"https:\/\/www.windy.com\/42.877\/-8.549?42.877,-8.549,15\" target=\"_blank\" rel=\"noopener\">El tiempo en Santiago de Compostela<\/a><\/p>\n\n\t\t<\/div>\n\t<\/div>\n<\/div><\/div><\/div><div class=\"wpb_column vc_column_container vc_col-sm-4\"><div class=\"vc_column-inner\"><div class=\"wpb_wrapper\">\n\t<div  class=\"wpb_single_image wpb_content_element vc_align_center  vc_custom_1690287887895\">\n\t\t\n\t\t<figure class=\"wpb_wrapper vc_figure\">\n\t\t\t<div class=\"vc_single_image-wrapper   vc_box_border_grey\"><img loading=\"lazy\" decoding=\"async\" width=\"618\" height=\"394\" src=\"https:\/\/www.viajeroscanallas.es\/wp-content\/uploads\/2023\/07\/mapa-portugues.jpg\" class=\"vc_single_image-img attachment-large\" alt=\"Camino de Santiago Primitivo\" title=\"Camino de Santiago Primitivo\" srcset=\"https:\/\/www.viajeroscanallas.es\/wp-content\/uploads\/2023\/07\/mapa-portugues.jpg 618w, https:\/\/www.viajeroscanallas.es\/wp-content\/uploads\/2023\/07\/mapa-portugues-300x191.jpg 300w, https:\/\/www.viajeroscanallas.es\/wp-content\/uploads\/2023\/07\/mapa-portugues-18x12.jpg 18w\" sizes=\"auto, (max-width: 618px) 100vw, 618px\"  data-dt-location=\"https:\/\/www.viajeroscanallas.es\/en\/el-tiempo-en-santiago-de-compostela\/mapa-portugues\/\" \/><\/div>\n\t\t<\/figure>\n\t<\/div>\n\n\t<div class=\"wpb_text_column wpb_content_element \" >\n\t\t<div class=\"wpb_wrapper\">\n\t\t\t<h3>Camino de Santiago Portugu\u00e9s<\/h3>\n<p><a href=\"https:\/\/www.windy.com\/42.050\/-8.647?42.045,-8.636,15\" target=\"_blank\" rel=\"noopener\">El tiempo en Tui<\/a><br \/>\n<a href=\"https:\/\/www.windy.com\/42.282\/-8.609?42.282,-8.609,15\" target=\"_blank\" rel=\"noopener\">El tiempo en Redondela<\/a><br \/>\n<a href=\"https:\/\/www.windy.com\/42.429\/-8.648?42.429,-8.648,15\" target=\"_blank\" rel=\"noopener\">El tiempo en Pontevedra<\/a><br \/>\n<a href=\"https:\/\/www.windy.com\/42.604\/-8.642?42.604,-8.642,15\" target=\"_blank\" rel=\"noopener\">El tiempo en Caldas De Reis De Baixo<\/a><br \/>\n<a href=\"https:\/\/www.windy.com\/42.738\/-8.660?42.734,-8.660,15\" target=\"_blank\" rel=\"noopener\">El tiempo en Padr\u00f3n<\/a><br \/>\n<a href=\"https:\/\/www.windy.com\/42.877\/-8.549?42.877,-8.549,15\" target=\"_blank\" rel=\"noopener\">El tiempo en Santiago de Compostela<\/a><\/p>\n\n\t\t<\/div>\n\t<\/div>\n<\/div><\/div><\/div><div class=\"wpb_column vc_column_container vc_col-sm-4\"><div class=\"vc_column-inner\"><div class=\"wpb_wrapper\">\n\t<div  class=\"wpb_single_image wpb_content_element vc_align_center  vc_custom_1691144226918\">\n\t\t\n\t\t<figure class=\"wpb_wrapper vc_figure\">\n\t\t\t<div class=\"vc_single_image-wrapper   vc_box_border_grey\"><img loading=\"lazy\" decoding=\"async\" width=\"618\" height=\"394\" src=\"https:\/\/www.viajeroscanallas.es\/wp-content\/uploads\/2023\/07\/mapa-primitivo.jpg\" class=\"vc_single_image-img attachment-large\" alt=\"El Tiempo en Santiago de Compostela\" title=\"El Tiempo en Santiago de Compostela\" srcset=\"https:\/\/www.viajeroscanallas.es\/wp-content\/uploads\/2023\/07\/mapa-primitivo.jpg 618w, https:\/\/www.viajeroscanallas.es\/wp-content\/uploads\/2023\/07\/mapa-primitivo-300x191.jpg 300w, https:\/\/www.viajeroscanallas.es\/wp-content\/uploads\/2023\/07\/mapa-primitivo-18x12.jpg 18w\" sizes=\"auto, (max-width: 618px) 100vw, 618px\"  data-dt-location=\"https:\/\/www.viajeroscanallas.es\/en\/el-tiempo-en-santiago-de-compostela\/mapa-primitivo\/\" \/><\/div>\n\t\t<\/figure>\n\t<\/div>\n\n\t<div class=\"wpb_text_column wpb_content_element \" >\n\t\t<div class=\"wpb_wrapper\">\n\t\t\t<h3>Camino de Santiago Primitivo<\/h3>\n<p><a href=\"https:\/\/www.windy.com\/43.125\/-7.068?43.121,-7.068,15\" target=\"_blank\" rel=\"noopener\">El tiempo en Fonsagrada<\/a><br \/>\n<a href=\"https:\/\/www.windy.com\/42.845\/-7.870\/42.391?42.845,-7.870,12\" target=\"_blank\" rel=\"noopener\">El tiempo en O Cadavo<\/a><br \/>\n<a href=\"https:\/\/www.windy.com\/43.010\/-7.554?43.010,-7.554,15\" target=\"_blank\" rel=\"noopener\">El tiempo en Lugo<\/a><br \/>\n<a href=\"https:\/\/www.windy.com\/37.172\/-3.035?37.172,-3.035,15\" target=\"_blank\" rel=\"noopener\">El tiempo en Ferreira<\/a><br \/>\n<a href=\"https:\/\/www.windy.com\/42.912\/-8.014?42.912,-8.014,15\" target=\"_blank\" rel=\"noopener\">El tiempo en Melide<\/a><br \/>\n<a href=\"https:\/\/www.windy.com\/42.905\/-8.363?42.905,-8.363,15\" target=\"_blank\" rel=\"noopener\">El tiempo en O Pedrouzo<\/a><br \/>\n<a href=\"https:\/\/www.windy.com\/42.877\/-8.549?42.877,-8.549,15\" target=\"_blank\" rel=\"noopener\">El tiempo en Santiago de Compostela<\/a><\/p>\n\n\t\t<\/div>\n\t<\/div>\n<\/div><\/div><\/div><\/div><div class=\"vc_row wpb_row vc_row-fluid vc_custom_1690219171187\"><div class=\"wpb_column vc_column_container vc_col-sm-12\"><div class=\"vc_column-inner\"><div class=\"wpb_wrapper\">\n\t<div class=\"wpb_text_column wpb_content_element \" >\n\t\t<div class=\"wpb_wrapper\">\n\t\t\t<h2>Informaci\u00f3n Adicional<\/h2>\n<p>Si tienes en cuenta la variabilidad del clima en Santiago, recomendamos vestir en capas. En verano, una camiseta de manga corta y una de manga larga, con una chaqueta ligera ser\u00e1n suficientes. En invierno, a\u00f1ade una chaqueta impermeable y un buen par de botas.<\/p>\n\n\t\t<\/div>\n\t<\/div>\n<\/div><\/div><\/div><\/div><div class=\"vc_row wpb_row vc_row-fluid vc_custom_1690221777786\"><div class=\"wpb_column vc_column_container vc_col-sm-12\"><div class=\"vc_column-inner\"><div class=\"wpb_wrapper\">\n\t<div class=\"wpb_raw_code wpb_raw_html wpb_content_element\" >\n\t\t<div class=\"wpb_wrapper\">\n\t\t\t<script>\n        (function(d, s, id) {\n            if (d.getElementById(id)) {\n                if (window.__TOMORROW__) {\n                    window.__TOMORROW__.renderWidget();\n                }\n                return;\n            }\n            const fjs = d.getElementsByTagName(s)[0];\n            const js = d.createElement(s);\n            js.id = id;\n            js.src = \"https:\/\/www.tomorrow.io\/v1\/widget\/sdk\/sdk.bundle.min.js\";\n\n            fjs.parentNode.insertBefore(js, fjs);\n        })(document, 'script', 'tomorrow-sdk');\n        <\/script>\n\n        <div class=\"tomorrow\"\n           data-location-id=\"037114,037168,037651,034210,036273,035159\"\n           data-language=\"ES\"\n           data-unit-system=\"METRIC\"\n           data-skin=\"dark\"\n           data-widget-type=\"current6\"\n           style=\"padding-bottom:22px;position:relative;\"\n        >\n          <a href=\"https:\/\/www.tomorrow.io\/weather-api\/\" rel=\"nofollow noopener noreferrer\" target=\"_blank\" style=\"position: absolute; bottom: 0; transform: translateX(-50%); left: 50%;\">\n            <img loading=\"lazy\" decoding=\"async\"\n              alt=\"Powered by the Tomorrow.io Weather API\"\n              src=\"https:\/\/weather-website-client.tomorrow.io\/img\/powered-by.svg\"\n              width=\"250\"\n              height=\"18\"\n            \/>\n          <\/a>\n        <\/div>\n\t\t<\/div>\n\t<\/div>\n<\/div><\/div><\/div><\/div><div class=\"vc_row wpb_row vc_row-fluid vc_custom_1690219162874\"><div class=\"wpb_column vc_column_container vc_col-sm-12\"><div class=\"vc_column-inner\"><div class=\"wpb_wrapper\">\n\t<div class=\"wpb_text_column wpb_content_element \" >\n\t\t<div class=\"wpb_wrapper\">\n\t\t\t<h2>Clima Mensual Detallado<\/h2>\n<p>A continuaci\u00f3n, te presentamos un desglose mes a mes del clima en Santiago de Compostela, con las temperaturas m\u00e1ximas y m\u00ednimas, as\u00ed como las precipitaciones esperadas. Con esta informaci\u00f3n, podr\u00e1s determinar la mejor \u00e9poca para realizar tu peregrinaci\u00f3n<\/p>\n\n\t\t<\/div>\n\t<\/div>\n<\/div><\/div><\/div><\/div><div class=\"vc_row wpb_row vc_row-fluid vc_custom_1690219190571\"><div class=\"wpb_column vc_column_container vc_col-sm-6\"><div class=\"vc_column-inner\"><div class=\"wpb_wrapper\">\n\t<div class=\"wpb_text_column wpb_content_element \" >\n\t\t<div class=\"wpb_wrapper\">\n\t\t\t<h2>Actualizaciones en Tiempo Real<\/h2>\n<p>Finalmente, te proporcionamos un widget que muestra el tiempo en Santiago de Compostela en tiempo real. \u00a1Mant\u00e9n un ojo en \u00e9l y que tengas un buen viaje!<\/p>\n<p>Recuerda, la experiencia del Camino de Santiago es inolvidable, independientemente del clima. Pero con la informaci\u00f3n adecuada, puedes hacer que tu viaje sea a\u00fan m\u00e1s agradable. \u00a1Buen camino, peregrino!<\/p>\n<h2>Consejos para Visitantes<\/h2>\n<p>El mejor momento para visitar depende de lo que busques. Para un clima m\u00e1s seco y c\u00e1lido, elige los meses de verano. Pero si prefieres evitar las multitudes y no te importa un poco de lluvia, el oto\u00f1o y la primavera son excelentes opciones.<\/p>\n\n\t\t<\/div>\n\t<\/div>\n<\/div><\/div><\/div><div class=\"wpb_column vc_column_container vc_col-sm-6\"><div class=\"vc_column-inner\"><div class=\"wpb_wrapper\">\n\t<div class=\"wpb_raw_code wpb_raw_html wpb_content_element\" >\n\t\t<div class=\"wpb_wrapper\">\n\t\t\t<a name=\"windy-webcam-timelapse-player\" data-id=\"1603526705\" data-play=\"day\" href=\"https:\/\/windy.com\/webcams\/1603526705\" target=\"_blank\" rel=\"noopener\">Santiago de Compostela: Praza do Obradoiro<\/a><script async type=\"text\/javascript\" src=\"https:\/\/webcams.windy.com\/webcams\/public\/embed\/script\/player.js\"><\/script>\n\t\t<\/div>\n\t<\/div>\n<\/div><\/div><\/div><\/div><div class=\"vc_row wpb_row vc_row-fluid\"><div class=\"wpb_column vc_column_container vc_col-sm-12\"><div class=\"vc_column-inner\"><div class=\"wpb_wrapper\">\n\t<div class=\"wpb_raw_code wpb_raw_html wpb_content_element\" >\n\t\t<div class=\"wpb_wrapper\">\n\t\t\t<iframe loading=\"lazy\" width=\"650\" height=\"750\" src=\"https:\/\/embed.windy.com\/embed2.html?lat=42.880&lon=-8.392&detailLat=42.8806&detailLon=4.0669&width=650&height=450&zoom=11&level=surface&overlay=wind&product=ecmwf&menu=&message=true&marker=true&calendar=now&pressure=true&type=map&location=coordinates&detail=true&metricWind=default&metricTemp=default&radarRange=-1\" frameborder=\"0\"><\/iframe>\n\t\t<\/div>\n\t<\/div>\n<\/div><\/div><\/div><\/div><div class=\"vc_row wpb_row vc_row-fluid vc_custom_1690290307677\"><div class=\"wpb_column vc_column_container vc_col-sm-12\"><div class=\"vc_column-inner\"><div class=\"wpb_wrapper\">\n\t<div class=\"wpb_text_column wpb_content_element \" >\n\t\t<div class=\"wpb_wrapper\">\n\t\t\t<h2>Conclusi\u00f3n<\/h2>\n<p>Santiago de Compostela es un destino maravilloso, independientemente del clima. Esperamos que esta informaci\u00f3n te sea \u00fatil para planificar tu viaje. No olvides revisar el tiempo en el Camino de Santiago antes de salir.<\/p>\n\n\t\t<\/div>\n\t<\/div>\n<\/div><\/div><\/div><\/div><div class=\"vc_row wpb_row vc_row-fluid\"><div class=\"wpb_column vc_column_container vc_col-sm-12\"><div class=\"vc_column-inner\"><div class=\"wpb_wrapper\"><div class=\"vc_message_box vc_message_box-standard vc_message_box-rounded vc_color-info vc_custom_1677349996328 infobox\" ><div class=\"vc_message_box-icon\"><i class=\"fa fa-solid fa-circle-info\"><\/i><\/div><p>\u00bfQuieres m\u00e1s info? M\u00e1ndanos un <a href=\"https:\/\/api.whatsapp.com\/send?phone=34603040475&amp;text=%C2%A1Hola!%20Quiero%20m%C3%A1s%20informaci%C3%B3n%20para%20hacer%20una%20reserva\" target=\"_blank\" rel=\"noopener\"><b>WhatsApp<\/b><\/a> al <a href=\"https:\/\/api.whatsapp.com\/send?phone=34603040475&amp;text=%C2%A1Hola!%20Quiero%20m%C3%A1s%20informaci%C3%B3n%20para%20hacer%20una%20reserva\" target=\"_blank\" rel=\"noopener\"><b>603040475<\/b><\/a> para recibir nuestro audio informativo y un texto con todas las fechas de esta temporada o rellena <strong><a href=\"https:\/\/www.viajeroscanallas.es\/reserva\/\">nuestro formulario<\/a><\/strong> si quieres ser uno m\u00e1s de nuestra comunidad viajera.<\/p>\n<\/div><\/div><\/div><\/div><\/div>\n<\/div>","protected":false},"excerpt":{"rendered":"<p>Everything you need to know about the weather in Santiago de Compostela Hello, traveller! If you are planning to do the Camino de Santiago, you will know that the weather can be a key factor in your trip. But don't worry, in this article you will find all the information you need about the weather in Santiago de Compostela. Description...<\/p>","protected":false},"author":2,"featured_media":3292,"parent":0,"menu_order":0,"comment_status":"closed","ping_status":"closed","template":"","meta":{"footnotes":""},"class_list":["post-3135","page","type-page","status-publish","has-post-thumbnail","hentry","description-off"],"_links":{"self":[{"href":"https:\/\/www.viajeroscanallas.es\/en\/wp-json\/wp\/v2\/pages\/3135","targetHints":{"allow":["GET"]}}],"collection":[{"href":"https:\/\/www.viajeroscanallas.es\/en\/wp-json\/wp\/v2\/pages"}],"about":[{"href":"https:\/\/www.viajeroscanallas.es\/en\/wp-json\/wp\/v2\/types\/page"}],"author":[{"embeddable":true,"href":"https:\/\/www.viajeroscanallas.es\/en\/wp-json\/wp\/v2\/users\/2"}],"replies":[{"embeddable":true,"href":"https:\/\/www.viajeroscanallas.es\/en\/wp-json\/wp\/v2\/comments?post=3135"}],"version-history":[{"count":0,"href":"https:\/\/www.viajeroscanallas.es\/en\/wp-json\/wp\/v2\/pages\/3135\/revisions"}],"wp:featuredmedia":[{"embeddable":true,"href":"https:\/\/www.viajeroscanallas.es\/en\/wp-json\/wp\/v2\/media\/3292"}],"wp:attachment":[{"href":"https:\/\/www.viajeroscanallas.es\/en\/wp-json\/wp\/v2\/media?parent=3135"}],"curies":[{"name":"wp","href":"https:\/\/api.w.org\/{rel}","templated":true}]}}