{"id":4153,"date":"2024-05-29T08:50:41","date_gmt":"2024-05-29T06:50:41","guid":{"rendered":"https:\/\/www.viajeroscanallas.es\/?page_id=4153"},"modified":"2025-05-07T18:26:37","modified_gmt":"2025-05-07T16:26:37","slug":"multiadventures","status":"publish","type":"page","link":"https:\/\/www.viajeroscanallas.es\/en\/multiaventuras\/","title":{"rendered":"Multiadventures"},"content":{"rendered":"<div class=\"wpb-content-wrapper\"><div class=\"vc_row wpb_row vc_row-fluid\"><div class=\"wpb_column vc_column_container vc_col-sm-12 vc_col-lg-offset-2 vc_col-lg-8 vc_col-md-offset-2 vc_col-md-8\"><div class=\"vc_column-inner\"><div class=\"wpb_wrapper\">\n\t<div class=\"wpb_text_column wpb_content_element  vc_custom_1716968441918 center\" >\n\t\t<div class=\"wpb_wrapper\">\n\t\t\t<h3><b>ACTIVE MULTI-ADVENTURE GETAWAY ALCAL\u00c1 DEL J\u00daCAR<\/b><\/h3>\n\n\t\t<\/div>\n\t<\/div>\n<div class=\"vc_empty_space\"   style=\"height: 32px\"><span class=\"vc_empty_space_inner\"><\/span><\/div><style type=\"text\/css\" data-type=\"the7_shortcodes-inline-css\">.gallery-carousel-shortcode.gallery-carousel-shortcode-id-3f4c29ade1046e46672ad85256872f3f.owl-carousel .owl-nav div {\n  width: 36px;\n  height: 36px;\n  border-radius: 500px;\n}\n.dt-arrow-border-on.gallery-carousel-shortcode.gallery-carousel-shortcode-id-3f4c29ade1046e46672ad85256872f3f.owl-carousel .owl-nav div:not(:hover):before {\n  border-width: 0px;\n}\n.dt-arrow-hover-border-on.gallery-carousel-shortcode.gallery-carousel-shortcode-id-3f4c29ade1046e46672ad85256872f3f.owl-carousel .owl-nav div:hover:after {\n  border-width: 0px;\n}\n.gallery-carousel-shortcode.gallery-carousel-shortcode-id-3f4c29ade1046e46672ad85256872f3f.owl-carousel .owl-nav div.owl-prev {\n  top: 50%;\n  transform: translateY(calc(-50% + 0px));\n  left: -43px;\n}\n@media all and (-ms-high-contrast: none) {\n  .gallery-carousel-shortcode.gallery-carousel-shortcode-id-3f4c29ade1046e46672ad85256872f3f.owl-carousel .owl-nav div.owl-prev {\n    transform: translateY(-50%);\n    margin-top: 0px;\n  }\n}\n.gallery-carousel-shortcode.gallery-carousel-shortcode-id-3f4c29ade1046e46672ad85256872f3f.owl-carousel .owl-nav div.owl-prev i {\n  padding: 0px 0px 0px 0px;\n}\n.gallery-carousel-shortcode.gallery-carousel-shortcode-id-3f4c29ade1046e46672ad85256872f3f.owl-carousel .owl-nav div.owl-next {\n  top: 50%;\n  transform: translateY(calc(-50% + 0px));\n  right: -43px;\n}\n@media all and (-ms-high-contrast: none) {\n  .gallery-carousel-shortcode.gallery-carousel-shortcode-id-3f4c29ade1046e46672ad85256872f3f.owl-carousel .owl-nav div.owl-next {\n    transform: translateY(-50%);\n    margin-top: 0px;\n  }\n}\n.gallery-carousel-shortcode.gallery-carousel-shortcode-id-3f4c29ade1046e46672ad85256872f3f.owl-carousel .owl-nav div.owl-next i {\n  padding: 0px 0px 0px 0px;\n}\n.gallery-carousel-shortcode.gallery-carousel-shortcode-id-3f4c29ade1046e46672ad85256872f3f.owl-carousel .owl-nav i {\n  font-size: 18px;\n}\n.gallery-carousel-shortcode.gallery-carousel-shortcode-id-3f4c29ade1046e46672ad85256872f3f.owl-carousel .owl-nav div:not(:hover) i,\n.gallery-carousel-shortcode.gallery-carousel-shortcode-id-3f4c29ade1046e46672ad85256872f3f.owl-carousel .owl-nav div:not(:hover) i:before {\n  color: #ffffff;\n  background: none;\n}\n.gallery-carousel-shortcode.gallery-carousel-shortcode-id-3f4c29ade1046e46672ad85256872f3f.owl-carousel .owl-nav div:hover i,\n.gallery-carousel-shortcode.gallery-carousel-shortcode-id-3f4c29ade1046e46672ad85256872f3f.owl-carousel .owl-nav div:hover i:before {\n  color: rgba(255,255,255,0.75);\n  background: none;\n}\n.gallery-carousel-shortcode.gallery-carousel-shortcode-id-3f4c29ade1046e46672ad85256872f3f .owl-dots {\n  top: calc(100% + 20px);\n  left: 50%;\n  transform: translateX(calc(-50% + 0px));\n}\n@media all and (-ms-high-contrast: none) {\n  .gallery-carousel-shortcode.gallery-carousel-shortcode-id-3f4c29ade1046e46672ad85256872f3f .owl-dots {\n    transform: translateX(-50%);\n    margin-left: 0px;\n  }\n}\n.gallery-carousel-shortcode.gallery-carousel-shortcode-id-3f4c29ade1046e46672ad85256872f3f .owl-dot {\n  width: 10px;\n  height: 10px;\n  margin: 0 8px;\n}\n@media screen and (max-width: 778px) {\n  .gallery-carousel-shortcode.gallery-carousel-shortcode-id-3f4c29ade1046e46672ad85256872f3f.hide-arrows .owl-nav a {\n    display: none;\n  }\n}\n@media screen and (max-width: 778px) {\n  .gallery-carousel-shortcode.gallery-carousel-shortcode-id-3f4c29ade1046e46672ad85256872f3f.reposition-arrows .owl-nav .owl-prev {\n    top: 50%;\n    transform: translateY(calc(-50% + 0px));\n    left: 10px;\n  }\n  .gallery-carousel-shortcode.gallery-carousel-shortcode-id-3f4c29ade1046e46672ad85256872f3f.reposition-arrows .owl-nav .owl-next {\n    top: 50%;\n    transform: translateY(calc(-50% + 0px));\n    right: 10px;\n  }\n}\n@media screen and (max-width: 778px) and all and (-ms-high-contrast: none) {\n  .gallery-carousel-shortcode.gallery-carousel-shortcode-id-3f4c29ade1046e46672ad85256872f3f.reposition-arrows .owl-nav .owl-prev {\n    transform: translateY(-50%);\n    margin-top: 0px;\n  }\n}\n@media screen and (max-width: 778px) and all and (-ms-high-contrast: none) {\n  .gallery-carousel-shortcode.gallery-carousel-shortcode-id-3f4c29ade1046e46672ad85256872f3f.reposition-arrows .owl-nav .owl-next {\n    transform: translateY(-50%);\n    margin-top: 0px;\n  }\n}\n.gallery-carousel-shortcode.gallery-carousel-shortcode-id-3f4c29ade1046e46672ad85256872f3f figure,\n.gallery-carousel-shortcode.gallery-carousel-shortcode-id-3f4c29ade1046e46672ad85256872f3f .rollover,\n.gallery-carousel-shortcode.gallery-carousel-shortcode-id-3f4c29ade1046e46672ad85256872f3f img,\n.gallery-carousel-shortcode.gallery-carousel-shortcode-id-3f4c29ade1046e46672ad85256872f3f .gallery-rollover {\n  border-radius: 0px;\n}\n.gallery-carousel-shortcode.gallery-carousel-shortcode-id-3f4c29ade1046e46672ad85256872f3f.enable-bg-rollover .gallery-rollover {\n  background: -webkit-linear-gradient();\n  background: linear-gradient();\n}\n.gallery-carousel-shortcode.gallery-carousel-shortcode-id-3f4c29ade1046e46672ad85256872f3f.enable-img-shadow .owl-stage-outer {\n  padding: 14px 0;\n}\n.gallery-carousel-shortcode.gallery-carousel-shortcode-id-3f4c29ade1046e46672ad85256872f3f.enable-bg-rollover.hover-scale figure .rollover:after {\n  background: -webkit-linear-gradient();\n  background: linear-gradient();\n}\n.gallery-carousel-shortcode.gallery-carousel-shortcode-id-3f4c29ade1046e46672ad85256872f3f.gallery-shortcode .gallery-zoom-ico {\n  width: 44px;\n  height: 44px;\n  line-height: 44px;\n  border-radius: 100px;\n  margin: -22px 0 0 -22px;\n  border-width: 0px;\n}\n.dt-icon-bg-on.gallery-carousel-shortcode.gallery-carousel-shortcode-id-3f4c29ade1046e46672ad85256872f3f.gallery-shortcode .gallery-zoom-ico {\n  background: rgba(255,255,255,0.3);\n  box-shadow: none;\n}\n.gallery-carousel-shortcode.gallery-carousel-shortcode-id-3f4c29ade1046e46672ad85256872f3f.gallery-shortcode .gallery-zoom-ico:before,\n.gallery-carousel-shortcode.gallery-carousel-shortcode-id-3f4c29ade1046e46672ad85256872f3f.gallery-shortcode .gallery-zoom-ico span {\n  font-size: 32px;\n  line-height: 44px;\n  color: #ffffff;\n  background: none;\n}<\/style><div class=\"owl-carousel gallery-carousel-shortcode gallery-shortcode  dt-gallery-container dt-owl-carousel-call gallery-carousel-shortcode-id-3f4c29ade1046e46672ad85256872f3f quick-scale-img enable-bg-rollover meta-info-off dt-arrow-border-on dt-arrow-hover-border-on bullets-small-dot-stroke reposition-arrows dt-icon-bg-off arrows-bg-on disable-arrows-hover-bg arrows-hover-bg-on  vc_custom_1716968474701 hover-fade\" data-scroll-mode=\"1\" data-col-num=\"1\" data-wide-col-num=\"1\" data-laptop-col=\"1\" data-h-tablet-columns-num=\"1\" data-v-tablet-columns-num=\"1\" data-phone-columns-num=\"1\" data-col-gap=\"10\" data-stage-padding=\"0\" data-speed=\"600\" data-autoplay=\"false\" data-autoplay_speed=\"6000\" data-arrows=\"true\" data-bullet=\"false\" data-next-icon=\"icon-ar-017-r\" data-prev-icon=\"icon-ar-017-l\" data-img-shadow-size=\"12px\" data-img-shadow-spread=\"3px\"><div data-post-id=\"4185\" data-date=\"2024-05-29T09:38:40+02:00\" data-name=\"v05\"><figure class=\"post\"><a href=\"https:\/\/www.viajeroscanallas.es\/wp-content\/uploads\/2024\/05\/v05.jpg\" class=\"rollover dt-pswp-item layzr-bg\" data-large_image_width=\"1200\" data-large_image_height=\"630\" data-dt-img-description=\"\" title=\"v05\"><img fetchpriority=\"high\" decoding=\"async\" class=\"preload-me owl-lazy-load aspect\" src=\"data:image\/svg+xml,%3Csvg%20xmlns%3D&#39;http%3A%2F%2Fwww.w3.org%2F2000%2Fsvg&#39;%20viewBox%3D&#39;0%200%20840%20630&#39;%2F%3E\" data-src=\"https:\/\/www.viajeroscanallas.es\/wp-content\/uploads\/2024\/05\/v05-840x630.jpg\" data-srcset=\"https:\/\/www.viajeroscanallas.es\/wp-content\/uploads\/2024\/05\/v05-840x630.jpg 840w\" loading=\"eager\" style=\"--ratio: 840 \/ 630\" sizes=\"(max-width: 840px) 100vw, 840px\" alt=\"ACTIVE MULTI-ADVENTURE GETAWAY ALCAL\u00c1 DEL J\u00daCAR\" width=\"840\" height=\"630\"  \/><span class=\"gallery-rollover\"><span class=\"gallery-zoom-ico icomoon-the7-font-the7-zoom-06\"><span><\/span><\/span><\/span><\/a><\/figure><\/div><div data-post-id=\"4184\" data-date=\"2024-05-29T09:38:35+02:00\" data-name=\"v04\"><figure class=\"post\"><a href=\"https:\/\/www.viajeroscanallas.es\/wp-content\/uploads\/2024\/05\/v04.jpg\" class=\"rollover dt-pswp-item layzr-bg\" data-large_image_width=\"1200\" data-large_image_height=\"630\" data-dt-img-description=\"\" title=\"v04\"><img decoding=\"async\" class=\"preload-me owl-lazy-load aspect\" src=\"data:image\/svg+xml,%3Csvg%20xmlns%3D&#39;http%3A%2F%2Fwww.w3.org%2F2000%2Fsvg&#39;%20viewBox%3D&#39;0%200%20840%20630&#39;%2F%3E\" data-src=\"https:\/\/www.viajeroscanallas.es\/wp-content\/uploads\/2024\/05\/v04-840x630.jpg\" data-srcset=\"https:\/\/www.viajeroscanallas.es\/wp-content\/uploads\/2024\/05\/v04-840x630.jpg 840w\" loading=\"eager\" style=\"--ratio: 840 \/ 630\" sizes=\"(max-width: 840px) 100vw, 840px\" alt=\"ACTIVE MULTI-ADVENTURE GETAWAY ALCAL\u00c1 DEL J\u00daCAR\" width=\"840\" height=\"630\"  \/><span class=\"gallery-rollover\"><span class=\"gallery-zoom-ico icomoon-the7-font-the7-zoom-06\"><span><\/span><\/span><\/span><\/a><\/figure><\/div><div data-post-id=\"4183\" data-date=\"2024-05-29T09:38:29+02:00\" data-name=\"v02\"><figure class=\"post\"><a href=\"https:\/\/www.viajeroscanallas.es\/wp-content\/uploads\/2024\/05\/v02.jpg\" class=\"rollover dt-pswp-item layzr-bg\" data-large_image_width=\"1200\" data-large_image_height=\"630\" data-dt-img-description=\"\" title=\"v02\"><img decoding=\"async\" class=\"preload-me owl-lazy-load aspect\" src=\"data:image\/svg+xml,%3Csvg%20xmlns%3D&#39;http%3A%2F%2Fwww.w3.org%2F2000%2Fsvg&#39;%20viewBox%3D&#39;0%200%20840%20630&#39;%2F%3E\" data-src=\"https:\/\/www.viajeroscanallas.es\/wp-content\/uploads\/2024\/05\/v02-840x630.jpg\" data-srcset=\"https:\/\/www.viajeroscanallas.es\/wp-content\/uploads\/2024\/05\/v02-840x630.jpg 840w\" loading=\"eager\" style=\"--ratio: 840 \/ 630\" sizes=\"(max-width: 840px) 100vw, 840px\" alt=\"ACTIVE MULTI-ADVENTURE GETAWAY ALCAL\u00c1 DEL J\u00daCAR\" width=\"840\" height=\"630\"  \/><span class=\"gallery-rollover\"><span class=\"gallery-zoom-ico icomoon-the7-font-the7-zoom-06\"><span><\/span><\/span><\/span><\/a><\/figure><\/div><div data-post-id=\"4182\" data-date=\"2024-05-29T09:38:26+02:00\" data-name=\"v03\"><figure class=\"post\"><a href=\"https:\/\/www.viajeroscanallas.es\/wp-content\/uploads\/2024\/05\/v03.jpg\" class=\"rollover dt-pswp-item layzr-bg\" data-large_image_width=\"1200\" data-large_image_height=\"630\" data-dt-img-description=\"\" title=\"v03\"><img decoding=\"async\" class=\"preload-me owl-lazy-load aspect\" src=\"data:image\/svg+xml,%3Csvg%20xmlns%3D&#39;http%3A%2F%2Fwww.w3.org%2F2000%2Fsvg&#39;%20viewBox%3D&#39;0%200%20840%20630&#39;%2F%3E\" data-src=\"https:\/\/www.viajeroscanallas.es\/wp-content\/uploads\/2024\/05\/v03-840x630.jpg\" data-srcset=\"https:\/\/www.viajeroscanallas.es\/wp-content\/uploads\/2024\/05\/v03-840x630.jpg 840w\" loading=\"eager\" style=\"--ratio: 840 \/ 630\" sizes=\"(max-width: 840px) 100vw, 840px\" alt=\"ACTIVE MULTI-ADVENTURE GETAWAY ALCAL\u00c1 DEL J\u00daCAR\" width=\"840\" height=\"630\"  \/><span class=\"gallery-rollover\"><span class=\"gallery-zoom-ico icomoon-the7-font-the7-zoom-06\"><span><\/span><\/span><\/span><\/a><\/figure><\/div><div data-post-id=\"4181\" data-date=\"2024-05-29T09:38:23+02:00\" data-name=\"v01\"><figure class=\"post\"><a href=\"https:\/\/www.viajeroscanallas.es\/wp-content\/uploads\/2024\/05\/v01.jpg\" class=\"rollover dt-pswp-item layzr-bg\" data-large_image_width=\"1200\" data-large_image_height=\"630\" data-dt-img-description=\"\" title=\"v01\"><img decoding=\"async\" class=\"preload-me owl-lazy-load aspect\" src=\"data:image\/svg+xml,%3Csvg%20xmlns%3D&#39;http%3A%2F%2Fwww.w3.org%2F2000%2Fsvg&#39;%20viewBox%3D&#39;0%200%20840%20630&#39;%2F%3E\" data-src=\"https:\/\/www.viajeroscanallas.es\/wp-content\/uploads\/2024\/05\/v01-840x630.jpg\" data-srcset=\"https:\/\/www.viajeroscanallas.es\/wp-content\/uploads\/2024\/05\/v01-840x630.jpg 840w\" loading=\"eager\" style=\"--ratio: 840 \/ 630\" sizes=\"(max-width: 840px) 100vw, 840px\" alt=\"ACTIVE MULTI-ADVENTURE GETAWAY ALCAL\u00c1 DEL J\u00daCAR\" width=\"840\" height=\"630\"  \/><span class=\"gallery-rollover\"><span class=\"gallery-zoom-ico icomoon-the7-font-the7-zoom-06\"><span><\/span><\/span><\/span><\/a><\/figure><\/div><\/div><div class=\"vc_empty_space\"   style=\"height: 32px\"><span class=\"vc_empty_space_inner\"><\/span><\/div>\n\t<div class=\"wpb_text_column wpb_content_element  vc_custom_1716968398856 center\" >\n\t\t<div class=\"wpb_wrapper\">\n\t\t\t<p>From Viajeros Canallas we invite you to a unique getaway in Alcal\u00e1 del J\u00facar. Enjoy an experience full of adventure and relaxation in this picturesque village of Albacete, staying in flats with swimming pool and barbecue area. You will take part in activities such as kayaking, paddle surfing, hiking, rafting and an hour of SPA, as well as an Ibiza party. This trip is ideal for all ages and levels, and includes monitors and liability insurance. Alcal\u00e1 del J\u00facar will captivate you with its white houses, winding streets and attractions such as its castle, the Devil's Cave and the Roman bridge, all accompanied by delicious La Mancha gastronomy.<\/p>\n\n\t\t<\/div>\n\t<\/div>\n<div class=\"vc_empty_space\"   style=\"height: 32px\"><span class=\"vc_empty_space_inner\"><\/span><\/div><div class=\"vc_btn3-container  boton-hidden vc_btn3-center vc_custom_1716967932104\" ><a class=\"vc_general vc_btn3 vc_btn3-size-md vc_btn3-shape-round vc_btn3-style-flat vc_btn3-block vc_btn3-color-purple\" href=\"https:\/\/www.viajeroscanallas.es\/en\/multiadventures\/alcala-del-jucar\/\" title=\"\">Don't miss it!<\/a><\/div><\/div><\/div><\/div><\/div>\n<\/div>","protected":false},"excerpt":{"rendered":"<p>ALCAL\u00c1 DEL J\u00daCAR ACTIVE MULTI-ADVENTURE ESCAPE From Viajeros Canallas we invite you to a unique getaway in Alcal\u00e1 del J\u00facar. Enjoy an experience full of adventure and relaxation in this picturesque village of Albacete, staying in flats with swimming pool and barbecue area. You will participate in activities such as kayaking, paddle surfing, hiking, rafting and an hour...<\/p>","protected":false},"author":2,"featured_media":4166,"parent":0,"menu_order":0,"comment_status":"closed","ping_status":"closed","template":"","meta":{"footnotes":""},"class_list":["post-4153","page","type-page","status-publish","has-post-thumbnail","hentry","description-off"],"_links":{"self":[{"href":"https:\/\/www.viajeroscanallas.es\/en\/wp-json\/wp\/v2\/pages\/4153","targetHints":{"allow":["GET"]}}],"collection":[{"href":"https:\/\/www.viajeroscanallas.es\/en\/wp-json\/wp\/v2\/pages"}],"about":[{"href":"https:\/\/www.viajeroscanallas.es\/en\/wp-json\/wp\/v2\/types\/page"}],"author":[{"embeddable":true,"href":"https:\/\/www.viajeroscanallas.es\/en\/wp-json\/wp\/v2\/users\/2"}],"replies":[{"embeddable":true,"href":"https:\/\/www.viajeroscanallas.es\/en\/wp-json\/wp\/v2\/comments?post=4153"}],"version-history":[{"count":1,"href":"https:\/\/www.viajeroscanallas.es\/en\/wp-json\/wp\/v2\/pages\/4153\/revisions"}],"predecessor-version":[{"id":5007,"href":"https:\/\/www.viajeroscanallas.es\/en\/wp-json\/wp\/v2\/pages\/4153\/revisions\/5007"}],"wp:featuredmedia":[{"embeddable":true,"href":"https:\/\/www.viajeroscanallas.es\/en\/wp-json\/wp\/v2\/media\/4166"}],"wp:attachment":[{"href":"https:\/\/www.viajeroscanallas.es\/en\/wp-json\/wp\/v2\/media?parent=4153"}],"curies":[{"name":"wp","href":"https:\/\/api.w.org\/{rel}","templated":true}]}}