{"id":4777,"date":"2024-12-09T12:37:59","date_gmt":"2024-12-09T11:37:59","guid":{"rendered":"https:\/\/www.viajeroscanallas.es\/?page_id=4777"},"modified":"2024-12-09T14:40:09","modified_gmt":"2024-12-09T13:40:09","slug":"f2025","status":"publish","type":"page","link":"https:\/\/www.viajeroscanallas.es\/en\/f2025\/","title":{"rendered":"Book your place for the Camino de Santiago 2025"},"content":{"rendered":"<div class=\"wpb-content-wrapper\"><div class=\"vc_row wpb_row vc_row-fluid vc_custom_1675846305760\"><div class=\"wpb_column vc_column_container vc_col-sm-12 vc_col-lg-offset-2 vc_col-lg-8 vc_col-md-offset-1 vc_col-md-10 vc_col-sm-offset-0\"><div class=\"vc_column-inner vc_custom_1492581739671\"><div class=\"wpb_wrapper\">\n\t<div class=\"wpb_text_column wpb_content_element  center\" >\n\t\t<div class=\"wpb_wrapper\">\n\t\t\t<h3>\ud83d\udc4b Bienvenid@ a Viajeros Canallas \ud83d\ude0a Rellena tus datos para reservar tu plaza para el Camino de Santiago en grupo 2025. Con esto ya aseguras tu plaza y no tendr\u00e1s que hacer ning\u00fan pago hasta el d\u00eda 10 de enero, a partir de ese d\u00eda nos pondremos en contacto contigo v\u00eda WhatsApp.<\/h3>\n<p>\u26a0\ufe0f \u00a1Es muy IMPORTANTE que el tel\u00e9fono sea el mismo que usas en WhatsApp con el prefijo de tu pa\u00eds!<\/p>\n<p>\u2705 Si sois un grupo de 6 o m\u00e1s personas, contactar directamente con gesti\u00f3n de grupos + 34 603040475 por WhatsApp para realizar la reserva.<\/p>\n<p>Ya queda menos para vivir esta aventura \ud83d\udc63<\/p>\n\n\t\t<\/div>\n\t<\/div>\n<\/div><\/div><\/div><\/div><!-- Row Backgrounds --><div class=\"vc_row wpb_row vc_row-fluid vc_custom_1675846305760\"><div class=\"wpb_column vc_column_container vc_col-sm-12 vc_col-lg-offset-2 vc_col-lg-8 vc_col-md-offset-1 vc_col-md-10 vc_col-sm-offset-0\"><div class=\"vc_column-inner vc_custom_1492581739671\"><div class=\"wpb_wrapper\">\n<div class=\"wpcf7 no-js\" id=\"wpcf7-f4779-o1\" lang=\"es-ES\" dir=\"ltr\" data-wpcf7-id=\"4779\">\n<div class=\"screen-reader-response\"><p role=\"status\" aria-live=\"polite\" aria-atomic=\"true\"><\/p> <ul><\/ul><\/div>\n<form action=\"\/en\/wp-json\/wp\/v2\/pages\/4777#wpcf7-f4779-o1\" method=\"post\" class=\"wpcf7-form init\" aria-label=\"Formulario de contacto\" novalidate=\"novalidate\" data-status=\"init\">\n<fieldset class=\"hidden-fields-container\"><input type=\"hidden\" name=\"_wpcf7\" value=\"4779\" \/><input type=\"hidden\" name=\"_wpcf7_version\" value=\"6.1.5\" \/><input type=\"hidden\" name=\"_wpcf7_locale\" value=\"es_ES\" \/><input type=\"hidden\" name=\"_wpcf7_unit_tag\" value=\"wpcf7-f4779-o1\" \/><input type=\"hidden\" name=\"_wpcf7_container_post\" value=\"0\" \/><input type=\"hidden\" name=\"_wpcf7_posted_data_hash\" value=\"\" \/><input type=\"hidden\" name=\"_wpcf7_recaptcha_response\" value=\"\" \/>\n<\/fieldset>\n<div class=\"form-container\">\n\t<div class=\"form-row\">\n\t\t<div class=\"form-column\">\n\t\t\t<p><label>Elige tu fecha *<\/label><span class=\"wpcf7-form-control-wrap\" data-name=\"fecha-de-reserva\"><select class=\"wpcf7-form-control wpcf7-select wpcf7-validates-as-required\" aria-required=\"true\" aria-invalid=\"false\" name=\"fecha-de-reserva\"><option value=\"\">&#8212;Por favor, elige una opci\u00f3n&#8212;<\/option><option value=\"13 \/ 19 Abril - Camino Franc\u00e9s\">13 \/ 19 Abril - Camino Franc\u00e9s<\/option><option value=\"27 Abril \/ 3 Mayo - Camino Franc\u00e9s\">27 Abril \/ 3 Mayo - Camino Franc\u00e9s<\/option><option value=\"12 \/ 18 Mayo - Camino Franc\u00e9s\">12 \/ 18 Mayo - Camino Franc\u00e9s<\/option><option value=\"18 \/ 24 Mayo - Camino Franc\u00e9s\">18 \/ 24 Mayo - Camino Franc\u00e9s<\/option><option value=\"25 \/ 31 Mayo - Camino Franc\u00e9s\">25 \/ 31 Mayo - Camino Franc\u00e9s<\/option><option value=\"2 \/ 8 Junio - Camino Franc\u00e9s\">2 \/ 8 Junio - Camino Franc\u00e9s<\/option><option value=\"16 \/ 22 Junio - Camino Franc\u00e9s\">16 \/ 22 Junio - Camino Franc\u00e9s<\/option><option value=\"22 \/ 28 Junio - Camino Franc\u00e9s\">22 \/ 28 Junio - Camino Franc\u00e9s<\/option><option value=\"1 \/ 7 Julio - Camino Franc\u00e9s\">1 \/ 7 Julio - Camino Franc\u00e9s<\/option><option value=\"5 \/ 11 Julio - Camino Franc\u00e9s\">5 \/ 11 Julio - Camino Franc\u00e9s<\/option><option value=\"13 \/ 19 Julio - Camino Franc\u00e9s\">13 \/ 19 Julio - Camino Franc\u00e9s<\/option><option value=\"20 \/ 26 Julio - Camino Franc\u00e9s\">20 \/ 26 Julio - Camino Franc\u00e9s<\/option><option value=\"2 \/ 8 Agosto - Camino Franc\u00e9s\">2 \/ 8 Agosto - Camino Franc\u00e9s<\/option><option value=\"5 \/ 11 Agosto - Camino Franc\u00e9s\">5 \/ 11 Agosto - Camino Franc\u00e9s<\/option><option value=\"9 \/ 15 Agosto - Camino Franc\u00e9s\">9 \/ 15 Agosto - Camino Franc\u00e9s<\/option><option value=\"11 \/ 17 Agosto - Camino Franc\u00e9s\">11 \/ 17 Agosto - Camino Franc\u00e9s<\/option><option value=\"16 \/ 22 Agosto - Camino Franc\u00e9s\">16 \/ 22 Agosto - Camino Franc\u00e9s<\/option><option value=\"19 \/ 25 Agosto - Camino Franc\u00e9s\">19 \/ 25 Agosto - Camino Franc\u00e9s<\/option><option value=\"23 \/ 29 Agosto - Camino Franc\u00e9s\">23 \/ 29 Agosto - Camino Franc\u00e9s<\/option><option value=\"1 \/ 7 Septiembre - Camino Franc\u00e9s\">1 \/ 7 Septiembre - Camino Franc\u00e9s<\/option><option value=\"7 \/ 13 Septiembre - Camino Franc\u00e9s\">7 \/ 13 Septiembre - Camino Franc\u00e9s<\/option><option value=\"14 \/ 20 Septiembre - Camino Franc\u00e9s\">14 \/ 20 Septiembre - Camino Franc\u00e9s<\/option><option value=\"21 \/ 27 Septiembre - Camino Franc\u00e9s\">21 \/ 27 Septiembre - Camino Franc\u00e9s<\/option><option value=\"5 \/ 11 Octubre - Camino Franc\u00e9s\">5 \/ 11 Octubre - Camino Franc\u00e9s<\/option><option value=\"12 \/ 18 Octubre - Camino Franc\u00e9s\">12 \/ 18 Octubre - Camino Franc\u00e9s<\/option><option value=\"20 \/ 26 Octubre - Camino Franc\u00e9s\">20 \/ 26 Octubre - Camino Franc\u00e9s<\/option><\/select><\/span>\n\t\t\t<\/p>\n\t\t\t<p><label>Nombre y Apellidos *<\/label><span class=\"wpcf7-form-control-wrap\" data-name=\"nombre-apellidos\"><input size=\"40\" maxlength=\"400\" class=\"wpcf7-form-control wpcf7-text wpcf7-validates-as-required\" aria-required=\"true\" aria-invalid=\"false\" placeholder=\"Tu nombre completo\" value=\"\" type=\"text\" name=\"nombre-apellidos\" \/><\/span>\n\t\t\t<\/p>\n\t\t\t<p><label>Edad *<\/label><span class=\"wpcf7-form-control-wrap\" data-name=\"edad\"><input class=\"wpcf7-form-control wpcf7-number wpcf7-validates-as-required wpcf7-validates-as-number\" min=\"0\" aria-required=\"true\" aria-invalid=\"false\" placeholder=\"Tu edad\" value=\"\" type=\"number\" name=\"edad\" \/><\/span>\n\t\t\t<\/p>\n\t\t\t<p><label>N\u00famero de personas *<\/label><span class=\"wpcf7-form-control-wrap\" data-name=\"num-personas\"><select class=\"wpcf7-form-control wpcf7-select wpcf7-validates-as-required\" id=\"num-personas\" aria-required=\"true\" aria-invalid=\"false\" name=\"num-personas\"><option value=\"1\">1<\/option><option value=\"2\">2<\/option><option value=\"3\">3<\/option><option value=\"4\">4<\/option><option value=\"5\">5<\/option><\/select><\/span>\n\t\t\t<\/p>\n\t\t<\/div>\n\t\t<div class=\"form-column\">\n\t\t\t<p><label>Tel\u00e9fono *<\/label><span class=\"wpcf7-form-control-wrap\" data-name=\"phonetext-879\"><input size=\"40\" class=\"wpcf7-form-control wpcf7-phonetext wpcf7-text wpcf7-validates-as-phonetext\" aria-invalid=\"false\" placeholder=\"N\u00famero de WhatsApp\" value=\"\" type=\"text\" name=\"phonetext-879\" \/><input type=\"hidden\" name=\"phonetext-879-country-code\" class=\"wpcf7-phonetext-country-code\" \/><\/span>\n\t\t\t<\/p>\n\t\t\t<p><label>Localidad *<\/label><span class=\"wpcf7-form-control-wrap\" data-name=\"localidad\"><input size=\"40\" maxlength=\"400\" class=\"wpcf7-form-control wpcf7-text wpcf7-validates-as-required\" aria-required=\"true\" aria-invalid=\"false\" placeholder=\"Tu localidad\" value=\"\" type=\"text\" name=\"localidad\" \/><\/span>\n\t\t\t<\/p>\n\t\t\t<p><label>P\u00e1is *<\/label><span class=\"wpcf7-form-control-wrap\" data-name=\"countrytext-294\"><input size=\"40\" class=\"wpcf7-form-control wpcf7-countrytext wpcf7-text wpcf7-validates-as-countrytext\" aria-invalid=\"false\" value=\"\" type=\"text\" name=\"countrytext-294\" \/><\/span>\n\t\t\t<\/p>\n\t\t\t<p><label>Email *<\/label><span class=\"wpcf7-form-control-wrap\" data-name=\"email\"><input size=\"40\" maxlength=\"400\" class=\"wpcf7-form-control wpcf7-email wpcf7-validates-as-required wpcf7-text wpcf7-validates-as-email\" aria-required=\"true\" aria-invalid=\"false\" placeholder=\"Tu correo electr\u00f3nico\" value=\"\" type=\"email\" name=\"email\" \/><\/span>\n\t\t\t<\/p>\n\t\t<\/div>\n\t<\/div>\n\n <!-- Contenedor donde se generar\u00e1n los campos din\u00e1micos -->\n\t<div id=\"dynamic-fields-container\">\n\t<\/div>\n \n\n <!-- Campo de aceptaci\u00f3n de datos -->\n\t<div class=\"acceptance-contacto\" data-name=\"acceptance\" for=\"acceptance\">\n\t\t<p><label for=\"acceptance\"><br \/>\n<span class=\"wpcf7-form-control-wrap\" data-name=\"acceptance-826\"><span class=\"wpcf7-form-control wpcf7-acceptance\"><span class=\"wpcf7-list-item\"><input type=\"checkbox\" name=\"acceptance-826\" value=\"1\" id=\"acceptance\" aria-invalid=\"false\" \/><\/span><\/span><\/span> Acepto el tratamiento de mis datos seg\u00fan las finalidades indicadas en la informaci\u00f3n b\u00e1sica de protecci\u00f3n de datos.* Responsable: Viajeros Canallas S.L. Finalidad: Permite al usuario realizar una petici\u00f3n de consulta\/informaci\u00f3n. Puede consultar la informaci\u00f3n adicional y detallada sobre Protecci\u00f3n de Datos en las cl\u00e1usulas anexas que se encuentran en la <a href=\"https:\/\/www.viajeroscanallas.es\/politica-de-privacidad\/\" target=\"_blank\">Pol\u00edtica de Privacidad<\/a>.<br \/>\n<\/label>\n\t\t<\/p>\n\t<\/div>\n\n <!-- Bot\u00f3n de env\u00edo -->\n<\/div>\n<p><input class=\"wpcf7-form-control wpcf7-submit has-spinner\" type=\"submit\" value=\"Reservar mi plaza\" \/>\n<\/p><div class=\"wpcf7-response-output\" aria-hidden=\"true\"><\/div>\n<\/form>\n<\/div>\n<\/div><\/div><\/div><\/div><!-- Row Backgrounds --><div class=\"vc_row wpb_row vc_row-fluid\"><div class=\"wpb_column vc_column_container vc_col-sm-12\"><div class=\"vc_column-inner\"><div class=\"wpb_wrapper\">\n\t<div class=\"wpb_raw_code wpb_raw_js\" >\n\t\t<div class=\"wpb_wrapper\">\n\t\t\t<script>\ndocument.addEventListener('DOMContentLoaded', function () {\n    const selectField = document.getElementById('num-personas');\n    const container = document.getElementById('dynamic-fields-container');\n\n    \/\/ Funci\u00f3n para generar los campos adicionales\n    function generateFields(count) {\n        container.innerHTML = ''; \/\/ Limpiar campos anteriores\n        for (let i = 2; i <= count; i++) {\n            const block = document.createElement('div');\n            block.classList.add('dynamic-field-block');\n            block.innerHTML = `\n                <h3>Informaci\u00f3n de la persona ${i}<\/h3>\n                <div class=\"form-row\">\n                    <div class=\"form-column\">\n                        <label>Nombre y Apellidos *<\/label>\n                        <input type=\"text\" name=\"nombre-apellidos-${i}\" placeholder=\"Nombre completo de la persona ${i}\" required>\n                    <\/div>\n                    <div class=\"form-column\">\n                        <label>Edad *<\/label>\n                        <input type=\"number\" name=\"edad-${i}\" placeholder=\"Edad de la persona ${i}\" min=\"0\" required>\n                    <\/div>\n                <\/div>\n                <div class=\"form-row\">\n                    <div class=\"form-column\">\n                        <label>Email *<\/label>\n                        <input type=\"email\" name=\"email-${i}\" placeholder=\"Correo electr\u00f3nico de la persona ${i}\" required>\n                    <\/div>\n                    <div class=\"form-column\">\n                        <label>Tel\u00e9fono *<\/label>\n                        <div class=\"intl-tel-input allow-dropdown separate-dial-code iti-sdc-3\">\n                            <div class=\"flag-container\">\n                                <div class=\"selected-flag\" tabindex=\"0\">\n                                    <div class=\"iti-flag es\"><\/div>\n                                    <div class=\"selected-dial-code\">+34<\/div>\n                                    <div class=\"iti-arrow\"><\/div>\n                                <\/div>\n                            <\/div>\n                            <input size=\"40\" class=\"wpcf7-form-control wpcf7-phonetext wpcf7-text\" \n                                   type=\"tel\" name=\"telefono-${i}\" placeholder=\"N\u00famero de WhatsApp\" autocomplete=\"off\">\n                        <\/div>\n                    <\/div>\n                <\/div>\n            `;\n            container.appendChild(block);\n        }\n\n        \/\/ Inicializar intl-tel-input para todos los nuevos campos de tel\u00e9fono\n        const telInputs = container.querySelectorAll('input[type=\"tel\"]');\n        telInputs.forEach((telInput) => {\n            intlTelInput(telInput, {\n                separateDialCode: true,\n                initialCountry: \"es\", \/\/ Pa\u00eds inicial (Espa\u00f1a)\n                preferredCountries: [\"es\", \"us\", \"gb\"], \/\/ Pa\u00edses preferidos\n            });\n        });\n    }\n\n    \/\/ Escuchar cambios en el campo select\n    if (selectField) {\n        selectField.addEventListener('change', function () {\n            const value = parseInt(selectField.value);\n            if (value > 1) {\n                generateFields(value);\n            } else {\n                container.innerHTML = ''; \/\/ Limpiar si selecciona \"1\"\n            }\n        });\n    }\n});\n<\/script>\n\t\t<\/div>\n\t<\/div>\n<\/div><\/div><\/div><\/div>\n<\/div>","protected":false},"excerpt":{"rendered":"<p>Welcome to Viajeros Canallas \ud83d\udc4b Fill in your details to reserve your place for the Camino de Santiago in group 2025. With this you secure your place and you will not have to make any payment until the 10th of January, from that day we will contact you via WhatsApp. \u26a0\ufe0f It is very...<\/p>","protected":false},"author":2,"featured_media":0,"parent":0,"menu_order":0,"comment_status":"closed","ping_status":"closed","template":"template-microsite.php","meta":{"footnotes":""},"class_list":["post-4777","page","type-page","status-publish","hentry","description-off"],"_links":{"self":[{"href":"https:\/\/www.viajeroscanallas.es\/en\/wp-json\/wp\/v2\/pages\/4777","targetHints":{"allow":["GET"]}}],"collection":[{"href":"https:\/\/www.viajeroscanallas.es\/en\/wp-json\/wp\/v2\/pages"}],"about":[{"href":"https:\/\/www.viajeroscanallas.es\/en\/wp-json\/wp\/v2\/types\/page"}],"author":[{"embeddable":true,"href":"https:\/\/www.viajeroscanallas.es\/en\/wp-json\/wp\/v2\/users\/2"}],"replies":[{"embeddable":true,"href":"https:\/\/www.viajeroscanallas.es\/en\/wp-json\/wp\/v2\/comments?post=4777"}],"version-history":[{"count":3,"href":"https:\/\/www.viajeroscanallas.es\/en\/wp-json\/wp\/v2\/pages\/4777\/revisions"}],"predecessor-version":[{"id":4800,"href":"https:\/\/www.viajeroscanallas.es\/en\/wp-json\/wp\/v2\/pages\/4777\/revisions\/4800"}],"wp:attachment":[{"href":"https:\/\/www.viajeroscanallas.es\/en\/wp-json\/wp\/v2\/media?parent=4777"}],"curies":[{"name":"wp","href":"https:\/\/api.w.org\/{rel}","templated":true}]}}